{"id":480,"date":"2020-05-25T21:54:44","date_gmt":"2020-05-25T18:54:44","guid":{"rendered":"https:\/\/neoprint.fi\/?page_id=480"},"modified":"2025-02-12T14:36:10","modified_gmt":"2025-02-12T11:36:10","slug":"home","status":"publish","type":"page","link":"https:\/\/neoprint.fi\/en\/","title":{"rendered":"Digital and offset printing"},"content":{"rendered":"\n<h1 class=\"wp-block-heading\"><strong>Digital Printing in Helsinki.<\/strong><\/h1>\n\n\n\n<h4 class=\"wp-block-heading\"><strong>Top quality at a cost-effective price.<\/strong><br><strong>Fast and reliable.<\/strong><\/h4>\n\n\n\n<div class=\"wp-block-columns is-layout-flex wp-container-core-columns-is-layout-1 wp-block-columns-is-layout-flex\">\n<div class=\"wp-block-column is-layout-flow wp-block-column-is-layout-flow\" style=\"flex-basis:33.33%\">\n<figure class=\"wp-block-image\"><img loading=\"lazy\" decoding=\"async\" width=\"500\" height=\"333\" src=\"https:\/\/neoprint.fi\/wp-content\/uploads\/2020\/05\/p01.jpg\" alt=\"\" class=\"wp-image-36\" srcset=\"https:\/\/neoprint.fi\/wp-content\/uploads\/2020\/05\/p01.jpg 500w, https:\/\/neoprint.fi\/wp-content\/uploads\/2020\/05\/p01-300x200.jpg 300w\" sizes=\"auto, (max-width: 500px) 100vw, 500px\" \/><\/figure>\n<\/div>\n\n\n\n<div class=\"wp-block-column is-layout-flow wp-block-column-is-layout-flow\" style=\"flex-basis:66.66%\">\n<h4 class=\"wp-block-heading\">ABOUT US:<\/h4>\n\n\n\n<p>We are a&nbsp;<strong>fast, reliable, and cost-effective<\/strong>&nbsp;partner in the printing industry.<\/p>\n\n\n\n<p>For over 25 years, we have been delivering&nbsp;<strong>high-quality printing services, fast turnaround times, and flexible customer service<\/strong>&nbsp;to keep our clients satisfied.<\/p>\n\n\n\n<p>As a family-owned business, we guarantee&nbsp;<strong>personalized service<\/strong>&nbsp;\u2013 every order gets the attention it deserves. For us,&nbsp;<strong>quality and efficiency go hand in hand<\/strong>.<\/p>\n<\/div>\n<\/div>\n\n\n\n<p>We provide&nbsp;<a href=\"https:\/\/neoprint.fi\/en\/posters\/\" data-type=\"page\" data-id=\"502\">posters<\/a>, <a href=\"https:\/\/neoprint.fi\/en\/flyers\/\" data-type=\"page\" data-id=\"483\">flyers<\/a>, <a href=\"https:\/\/neoprint.fi\/en\/stickers\/\" data-type=\"page\" data-id=\"499\">stickers<\/a>, <a href=\"https:\/\/neoprint.fi\/en\/roll-ups\/\" data-type=\"page\" data-id=\"507\">roll-ups<\/a>, <a href=\"https:\/\/neoprint.fi\/en\/business-cards\/\" data-type=\"page\" data-id=\"478\">art cards<\/a>, and <a href=\"https:\/\/neoprint.fi\/en\/business-cards\/\" data-type=\"page\" data-id=\"478\">business cards<\/a>&nbsp;\u2013 quickly and reliably.<br>You get printed products at a&nbsp;<strong>competitive price \u2013 always with top quality.<\/strong><\/p>\n\n\n\n<div class=\"wp-block-columns is-layout-flex wp-container-core-columns-is-layout-2 wp-block-columns-is-layout-flex\">\n<div class=\"wp-block-column is-layout-flow wp-block-column-is-layout-flow\" style=\"flex-basis:66.66%\">\n<h4 class=\"wp-block-heading\"><strong>OUR ADVANTAGES<\/strong>:<\/h4>\n\n\n\n<p>\u2705 <strong>Ease &amp; Expertise<\/strong> \u2013 We help our customers choose the best solutions and ensure the final product meets expectations.<br>\u2705 <strong>Consistent Quality<\/strong> \u2013 Meticulous craftsmanship and personal quality control minimize errors.<br>\u2705<strong> Fast Delivery<\/strong> \u2013 We fulfill standard orders locally, ensuring quick and convenient <a href=\"https:\/\/neoprint.fi\/en\/delivery-methods\/\" data-type=\"page\" data-id=\"511\">delivery<\/a>.<br>\u2705 <strong>Flexible Payment Methods<\/strong> \u2013 Pay easily by invoice or card.<\/p>\n<\/div>\n\n\n\n<div class=\"wp-block-column is-layout-flow wp-block-column-is-layout-flow\" style=\"flex-basis:33.33%\">\n<figure class=\"wp-block-image\"><img loading=\"lazy\" decoding=\"async\" width=\"500\" height=\"333\" src=\"https:\/\/neoprint.fi\/wp-content\/uploads\/2020\/05\/p03.jpg\" alt=\"\" class=\"wp-image-37\" srcset=\"https:\/\/neoprint.fi\/wp-content\/uploads\/2020\/05\/p03.jpg 500w, https:\/\/neoprint.fi\/wp-content\/uploads\/2020\/05\/p03-300x200.jpg 300w\" sizes=\"auto, (max-width: 500px) 100vw, 500px\" \/><\/figure>\n<\/div>\n<\/div>\n\n\n\n<h4 class=\"wp-block-heading\"><strong>EXPLANATIONS:<\/strong><\/h4>\n\n\n\n<p>\ud83d\udd39 <strong>Reliability<\/strong>:<br>We guarantee flawless execution of every order <strong>through strict quality control<\/strong> at every stage \u2013 from idea to finished product. Our customers can be confident that their orders are completed <strong>on time and to the highest standard<\/strong>.<br>\ud83d\udd39 <strong>Speed<\/strong>:<br>In modern business, time is money. Thanks to <strong>modern technology and optimized processes<\/strong>, we complete orders quickly \u2013 an essential advantage for companies that need to react to market changes swiftly.<br>\ud83d\udd39 <strong>Cost-effectiveness<\/strong>:<br>We offer <strong>competitive prices and transparent terms<\/strong>. Our goal is to ensure that our customers get the best <strong>possible value for their printing investments<\/strong> \u2013 <strong>premium quality at an affordable price<\/strong>.<br>\ud83d\udd39 <strong>File Check and Optimization:<\/strong><br>We check and optimize all files before printing to ensure the highest possible quality. No surprises \u2013 just a perfect final result.<br>\ud83d\udd39 <strong>Graphic Design:<\/strong><br>Need a professional print-ready file? We offer affordable and high-quality graphic design, ensuring that your final product looks exactly as you envision it.<\/p>\n\n\n\n<h4 class=\"wp-block-heading\">What are our customers saying about us?<\/h4>\n\n\n\n<div class=\"wp-block-carousel-slider-slider\"><div class=\"carousel-slider-outer carousel-slider-outer-image-carousel carousel-slider-outer-1460 swiper navigation-visibility-hover navigation-position-inside pagination-visibility-never pagination-shape-circle pagination-align-center\" style=\"--carousel-slider-nav-color:#f1f1f1;--carousel-slider-active-nav-color:rgb(114,0,0);--carousel-slider-arrow-size:48px;--carousel-slider-bullet-size:10px;--swiper-theme-color:#f1f1f1;--swiper-navigation-size:48px;--swiper-pagination-bullet-size:10px\">\n<div id=\"&#039;id-1460\" class=\"carousel-slider carousel-slider-1460 arrows-visibility-hover dots-visibility-never arrows-inside dots-center dots-circle swiper-wrapper\" data-slide-type=\"image-carousel\" data-swiper='{\"navigation\":{\"nextEl\":\".swiper-button-next\",\"prevEl\":\".swiper-button-prev\"},\"pagination\":false,\"direction\":\"horizontal\",\"loop\":true,\"slidesOffsetBefore\":5,\"slidesOffsetAfter\":5,\"speed\":500,\"spaceBetween\":10,\"slidesPerView\":1,\"breakpoints\":{\"300\":{\"slidesPerView\":2},\"576\":{\"slidesPerView\":2},\"768\":{\"slidesPerView\":2},\"1024\":{\"slidesPerView\":4},\"1280\":{\"slidesPerView\":4},\"1536\":{\"slidesPerView\":4}},\"autoplay\":{\"delay\":5000,\"pauseOnMouseEnter\":true}}'>\n<div class=\"swiper-slide\"><div class=\"carousel-slider__item\">\n\t<img loading=\"lazy\" decoding=\"async\" width=\"278\" height=\"110\" src=\"https:\/\/neoprint.fi\/wp-content\/uploads\/2025\/01\/Cityvarasto_logo-s-278x110.png\" class=\"attachment-thumbnail size-thumbnail\" alt=\"\" srcset=\"https:\/\/neoprint.fi\/wp-content\/uploads\/2025\/01\/Cityvarasto_logo-s-278x110.png 278w, https:\/\/neoprint.fi\/wp-content\/uploads\/2025\/01\/Cityvarasto_logo-s.png 379w\" sizes=\"auto, (max-width: 278px) 100vw, 278px\" \/><\/a><\/div>\n<\/div>\n<div class=\"swiper-slide\"><div class=\"carousel-slider__item\">\n\t<img loading=\"lazy\" decoding=\"async\" width=\"278\" height=\"110\" src=\"https:\/\/neoprint.fi\/wp-content\/uploads\/2025\/01\/Studiotec_logo-s-278x110.png\" class=\"attachment-thumbnail size-thumbnail\" alt=\"\" srcset=\"https:\/\/neoprint.fi\/wp-content\/uploads\/2025\/01\/Studiotec_logo-s-278x110.png 278w, https:\/\/neoprint.fi\/wp-content\/uploads\/2025\/01\/Studiotec_logo-s.png 379w\" sizes=\"auto, (max-width: 278px) 100vw, 278px\" \/><\/a><\/div>\n<\/div>\n<div class=\"swiper-slide\"><div class=\"carousel-slider__item\">\n\t<img loading=\"lazy\" decoding=\"async\" width=\"278\" height=\"110\" src=\"https:\/\/neoprint.fi\/wp-content\/uploads\/2025\/01\/Guhring_logo-s-278x110.png\" class=\"attachment-thumbnail size-thumbnail\" alt=\"\" srcset=\"https:\/\/neoprint.fi\/wp-content\/uploads\/2025\/01\/Guhring_logo-s-278x110.png 278w, https:\/\/neoprint.fi\/wp-content\/uploads\/2025\/01\/Guhring_logo-s.png 379w\" sizes=\"auto, (max-width: 278px) 100vw, 278px\" \/><\/a><\/div>\n<\/div>\n<div class=\"swiper-slide\"><div class=\"carousel-slider__item\">\n\t<img loading=\"lazy\" decoding=\"async\" width=\"278\" height=\"110\" src=\"https:\/\/neoprint.fi\/wp-content\/uploads\/2025\/01\/KORRES-s-278x110.png\" class=\"attachment-thumbnail size-thumbnail\" alt=\"\" srcset=\"https:\/\/neoprint.fi\/wp-content\/uploads\/2025\/01\/KORRES-s-278x110.png 278w, https:\/\/neoprint.fi\/wp-content\/uploads\/2025\/01\/KORRES-s.png 379w\" sizes=\"auto, (max-width: 278px) 100vw, 278px\" \/><\/a><\/div>\n<\/div>\n<div class=\"swiper-slide\"><div class=\"carousel-slider__item\">\n\t<img loading=\"lazy\" decoding=\"async\" width=\"278\" height=\"110\" src=\"https:\/\/neoprint.fi\/wp-content\/uploads\/2025\/01\/SuomiKenka-s-278x110.png\" class=\"attachment-thumbnail size-thumbnail\" alt=\"\" srcset=\"https:\/\/neoprint.fi\/wp-content\/uploads\/2025\/01\/SuomiKenka-s-278x110.png 278w, https:\/\/neoprint.fi\/wp-content\/uploads\/2025\/01\/SuomiKenka-s.png 379w\" sizes=\"auto, (max-width: 278px) 100vw, 278px\" \/><\/a><\/div>\n<\/div>\n<div class=\"swiper-slide\"><div class=\"carousel-slider__item\">\n\t<img loading=\"lazy\" decoding=\"async\" width=\"278\" height=\"110\" src=\"https:\/\/neoprint.fi\/wp-content\/uploads\/2025\/01\/TELVA_logo_punainen-s-278x110.png\" class=\"attachment-thumbnail size-thumbnail\" alt=\"\" srcset=\"https:\/\/neoprint.fi\/wp-content\/uploads\/2025\/01\/TELVA_logo_punainen-s-278x110.png 278w, https:\/\/neoprint.fi\/wp-content\/uploads\/2025\/01\/TELVA_logo_punainen-s.png 379w\" sizes=\"auto, (max-width: 278px) 100vw, 278px\" \/><\/a><\/div>\n<\/div>\n<\/div><!-- .carousel-slider-1460 -->\n<div class=\"swiper-button-prev\"><\/div><div class=\"swiper-button-next\"><\/div><\/div><!-- .carousel-slider-outer-1460 -->\n<\/div>\n\n\n\n<div class=\"wp-block-columns is-layout-flex wp-container-core-columns-is-layout-3 wp-block-columns-is-layout-flex\">\n<div class=\"wp-block-column is-layout-flow wp-block-column-is-layout-flow\">\n<blockquote class=\"wp-block-quote is-layout-flow wp-block-quote-is-layout-flow\">\n<p>\u201dVoimme luottaa siihen, ett\u00e4 laatu on korkealuokkaista. Toimeksiannot tulevat enn\u00e4tysajassa. Palvelu on aina ensiluokkaista.\u201d<\/p>\n\n\n\n<p><em><strong>Kristiina Raunetsalo<\/strong>&nbsp;\u2013 KORRES Finland<\/em><\/p>\n<\/blockquote>\n<\/div>\n\n\n\n<div class=\"wp-block-column is-layout-flow wp-block-column-is-layout-flow\">\n<blockquote class=\"wp-block-quote is-layout-flow wp-block-quote-is-layout-flow\">\n<p>&#8220;Tilaan Neoprintilt\u00e4 kaikki meid\u00e4n painomateriaalit. Palvelu on t\u00e4sm\u00e4llist\u00e4, yst\u00e4v\u00e4llist\u00e4 ja nopeata. Heill\u00e4 on meid\u00e4n k\u00e4yntikortti-sabluuna, l\u00e4het\u00e4n tiedot ja kortit toimitetaan perille todella nopeasti. Ei voisi olla helpompaa&#8221;.<\/p>\n\n\n\n<p><em><strong>Sabina Hollm\u00e9n<\/strong>&nbsp;&#8211; hallintojohtaja, Oy Telva Ab<\/em><\/p>\n<\/blockquote>\n<\/div>\n\n\n\n<div class=\"wp-block-column is-layout-flow wp-block-column-is-layout-flow\">\n<blockquote class=\"wp-block-quote is-layout-flow wp-block-quote-is-layout-flow\">\n<p>&#8220;Nopeaa ja tehokasta palvelua. Erinomainen hinta-\/ laatusuhde. Aina luotettava ja toimitettu materiaali 100% virheet\u00f6nt\u00e4.&#8221;<\/p>\n\n\n\n<p><em><strong>Samu Koivula<\/strong>&nbsp;&#8211; toimitusjohtaja, Oy G\u00fchring Ab<\/em><\/p>\n<\/blockquote>\n<\/div>\n<\/div>\n\n\n\n<div class=\"wp-block-carousel-slider-slider\"><div class=\"carousel-slider-outer carousel-slider-outer-post-carousel carousel-slider-outer-1471 swiper navigation-visibility-hover navigation-position-inside pagination-visibility-never pagination-shape-circle pagination-align-center\" style=\"--carousel-slider-nav-color:#f1f1f1;--carousel-slider-active-nav-color:rgb(109,0,0);--carousel-slider-arrow-size:48px;--carousel-slider-bullet-size:10px;--swiper-theme-color:#f1f1f1;--swiper-navigation-size:48px;--swiper-pagination-bullet-size:10px\">\n<div id=\"&#039;id-1471\" class=\"carousel-slider carousel-slider-1471 arrows-visibility-hover dots-visibility-never arrows-inside dots-center dots-circle swiper-wrapper\" data-slide-type=\"post-carousel\" data-swiper='{\"navigation\":{\"nextEl\":\".swiper-button-next\",\"prevEl\":\".swiper-button-prev\"},\"pagination\":false,\"direction\":\"horizontal\",\"loop\":true,\"slidesOffsetBefore\":0,\"slidesOffsetAfter\":0,\"speed\":500,\"spaceBetween\":10,\"slidesPerView\":1,\"breakpoints\":{\"300\":{\"slidesPerView\":1},\"576\":{\"slidesPerView\":2},\"768\":{\"slidesPerView\":2},\"1024\":{\"slidesPerView\":3},\"1280\":{\"slidesPerView\":3},\"1536\":{\"slidesPerView\":3}},\"lazy\":{\"loadPrevNext\":true},\"preloadImages\":false,\"autoplay\":{\"delay\":5000,\"pauseOnMouseEnter\":true}}'>\n<div class=\"swiper-slide\"><div class=\"carousel-slider__post\">\n\t<div class=\"carousel-slider__post-content\">\n\t\t<div class=\"carousel-slider__post-header\">\n\t\t\t<a class=\"carousel-slider__post-image\" href=\"https:\/\/neoprint.fi\/en\/how-to-prepare-sticker-artwork-so-that-dark-colors-print-without-white-speckles\/\" style=\"background-image: url(https:\/\/neoprint.fi\/wp-content\/uploads\/2025\/07\/your-logo-sticker01-768x477.webp)\"><\/a>\t\t\t<a class=\"carousel-slider__post-title\" href=\"https:\/\/neoprint.fi\/en\/how-to-prepare-sticker-artwork-so-that-dark-colors-print-without-white-speckles\/\">\n\t\t\t\t<h2>How to Prepare Sticker Artwork So That Dark Colors Print Without White Speckles<\/h2>\n\t\t\t<\/a>\n\t\t<\/div>\n\t\t<div class=\"carousel-slider__post-excerpt\">\n\t\t\tWhen you\u2019re designing a vinyl sticker with a dark background \u2014 deep blue, burgundy, graphite, forest green, or classic black ...\t\t<\/div>\n\t\t<footer class=\"carousel-slider__post-meta\">\n\t\t\t<div class=\"carousel-slider__post-publication-meta\">\n\t\t\t\t<div class=\"carousel-slider__post-details-info\">\n\t\t\t\t\t<div class=\"carousel-slider__post-author\">\n\t\t\t\t\t\t<a class=\"carousel-slider__post-author-link\"\n\t\t\t\t\t\t   href=\"https:\/\/neoprint.fi\/en\/author\/neoprint\/\">\n\t\t\t\t\t\t\tNeoprint\t\t\t\t\t\t<\/a>\n\t\t\t\t\t<\/div>\n\t\t\t\t\t<time class=\"carousel-slider__post-publication-date\"\n\t\t\t\t\t\t  datetime=\"2025-07-01T11:18:30+03:00\">\n\t\t\t\t\t\t01.07.2025\t\t\t\t\t<\/time>\n\t\t\t\t<\/div>\n\t\t\t<\/div>\n\t\t\t\t\t\t\t<div class=\"carousel-slider__post-category\">\n\t\t\t\t\t<a class=\"carousel-slider__post-category-link\"\n\t\t\t\t\t   href=\"https:\/\/neoprint.fi\/en\/category\/blog\/\">\n\t\t\t\t\t\tBlog\t\t\t\t\t<\/a>\n\t\t\t\t<\/div>\n\t\t\t\t\t<\/footer>\n\t<\/div>\n<\/div>\n<\/div><div class=\"swiper-slide\"><div class=\"carousel-slider__post\">\n\t<div class=\"carousel-slider__post-content\">\n\t\t<div class=\"carousel-slider__post-header\">\n\t\t\t<a class=\"carousel-slider__post-image\" href=\"https:\/\/neoprint.fi\/en\/summer-on-a-postcard-when-finnish-nature-inspires-artists-and-we-turn-ideas-into-prints\/\" style=\"background-image: url(https:\/\/neoprint.fi\/wp-content\/uploads\/2025\/06\/sophisticated-and-minimalist-image-for-a-printing-companys-blog-post-showcasing-high-quality-post-13-768x439.jpeg)\"><\/a>\t\t\t<a class=\"carousel-slider__post-title\" href=\"https:\/\/neoprint.fi\/en\/summer-on-a-postcard-when-finnish-nature-inspires-artists-and-we-turn-ideas-into-prints\/\">\n\t\t\t\t<h2>Summer on a Postcard: When Finnish Nature Inspires Artists \u2014 and We Turn Ideas into Prints<\/h2>\n\t\t\t<\/a>\n\t\t<\/div>\n\t\t<div class=\"carousel-slider__post-excerpt\">\n\t\t\tFinnish summer is a season like no other. The light lingers almost 24 hours a day. The air smells of ...\t\t<\/div>\n\t\t<footer class=\"carousel-slider__post-meta\">\n\t\t\t<div class=\"carousel-slider__post-publication-meta\">\n\t\t\t\t<div class=\"carousel-slider__post-details-info\">\n\t\t\t\t\t<div class=\"carousel-slider__post-author\">\n\t\t\t\t\t\t<a class=\"carousel-slider__post-author-link\"\n\t\t\t\t\t\t   href=\"https:\/\/neoprint.fi\/en\/author\/neoprint\/\">\n\t\t\t\t\t\t\tNeoprint\t\t\t\t\t\t<\/a>\n\t\t\t\t\t<\/div>\n\t\t\t\t\t<time class=\"carousel-slider__post-publication-date\"\n\t\t\t\t\t\t  datetime=\"2025-06-30T19:43:43+03:00\">\n\t\t\t\t\t\t30.06.2025\t\t\t\t\t<\/time>\n\t\t\t\t<\/div>\n\t\t\t<\/div>\n\t\t\t\t\t\t\t<div class=\"carousel-slider__post-category\">\n\t\t\t\t\t<a class=\"carousel-slider__post-category-link\"\n\t\t\t\t\t   href=\"https:\/\/neoprint.fi\/en\/category\/blog\/\">\n\t\t\t\t\t\tBlog\t\t\t\t\t<\/a>\n\t\t\t\t<\/div>\n\t\t\t\t\t<\/footer>\n\t<\/div>\n<\/div>\n<\/div><div class=\"swiper-slide\"><div class=\"carousel-slider__post\">\n\t<div class=\"carousel-slider__post-content\">\n\t\t<div class=\"carousel-slider__post-header\">\n\t\t\t<a class=\"carousel-slider__post-image\" href=\"https:\/\/neoprint.fi\/en\/spring-and-early-summer-the-best-time-for-printed-advertising-for-small-businesses-in-finland\/\" style=\"background-image: url(https:\/\/neoprint.fi\/wp-content\/uploads\/2025\/05\/banner-scandic-spring-768x294.jpg)\"><\/a>\t\t\t<a class=\"carousel-slider__post-title\" href=\"https:\/\/neoprint.fi\/en\/spring-and-early-summer-the-best-time-for-printed-advertising-for-small-businesses-in-finland\/\">\n\t\t\t\t<h2>Spring and Early Summer &#8211; The Best Time for Printed Advertising for Small Businesses in Finland<\/h2>\n\t\t\t<\/a>\n\t\t<\/div>\n\t\t<div class=\"carousel-slider__post-excerpt\">\n\t\t\tSpring in Finland is a time when nature awakens &#8211; and business activity picks up too. For small businesses, it\u2019s ...\t\t<\/div>\n\t\t<footer class=\"carousel-slider__post-meta\">\n\t\t\t<div class=\"carousel-slider__post-publication-meta\">\n\t\t\t\t<div class=\"carousel-slider__post-details-info\">\n\t\t\t\t\t<div class=\"carousel-slider__post-author\">\n\t\t\t\t\t\t<a class=\"carousel-slider__post-author-link\"\n\t\t\t\t\t\t   href=\"https:\/\/neoprint.fi\/en\/author\/neoprint\/\">\n\t\t\t\t\t\t\tNeoprint\t\t\t\t\t\t<\/a>\n\t\t\t\t\t<\/div>\n\t\t\t\t\t<time class=\"carousel-slider__post-publication-date\"\n\t\t\t\t\t\t  datetime=\"2025-05-05T18:26:31+03:00\">\n\t\t\t\t\t\t05.05.2025\t\t\t\t\t<\/time>\n\t\t\t\t<\/div>\n\t\t\t<\/div>\n\t\t\t\t\t\t\t<div class=\"carousel-slider__post-category\">\n\t\t\t\t\t<a class=\"carousel-slider__post-category-link\"\n\t\t\t\t\t   href=\"https:\/\/neoprint.fi\/en\/category\/blog\/\">\n\t\t\t\t\t\tBlog\t\t\t\t\t<\/a>\n\t\t\t\t<\/div>\n\t\t\t\t\t<\/footer>\n\t<\/div>\n<\/div>\n<\/div><div class=\"swiper-slide\"><div class=\"carousel-slider__post\">\n\t<div class=\"carousel-slider__post-content\">\n\t\t<div class=\"carousel-slider__post-header\">\n\t\t\t<a class=\"carousel-slider__post-image\" href=\"https:\/\/neoprint.fi\/en\/advantages-of-latex-ink-in-hp-latex-over-solvent-based-ink\/\" style=\"background-image: url(https:\/\/neoprint.fi\/wp-content\/uploads\/2025\/02\/latex-inks-hp-vgmj01-768x336.webp)\"><\/a>\t\t\t<a class=\"carousel-slider__post-title\" href=\"https:\/\/neoprint.fi\/en\/advantages-of-latex-ink-in-hp-latex-over-solvent-based-ink\/\">\n\t\t\t\t<h2>Advantages of Latex Ink in HP Latex Over Solvent-Based Ink: Eco-Friendliness and Print Quality from Neoprint Oy<\/h2>\n\t\t\t<\/a>\n\t\t<\/div>\n\t\t<div class=\"carousel-slider__post-excerpt\">\n\t\t\tIn today\u2019s world, where environmental concerns and sustainable development are increasingly important, the choice of printing technology plays a significant ...\t\t<\/div>\n\t\t<footer class=\"carousel-slider__post-meta\">\n\t\t\t<div class=\"carousel-slider__post-publication-meta\">\n\t\t\t\t<div class=\"carousel-slider__post-details-info\">\n\t\t\t\t\t<div class=\"carousel-slider__post-author\">\n\t\t\t\t\t\t<a class=\"carousel-slider__post-author-link\"\n\t\t\t\t\t\t   href=\"https:\/\/neoprint.fi\/en\/author\/neoprint\/\">\n\t\t\t\t\t\t\tNeoprint\t\t\t\t\t\t<\/a>\n\t\t\t\t\t<\/div>\n\t\t\t\t\t<time class=\"carousel-slider__post-publication-date\"\n\t\t\t\t\t\t  datetime=\"2025-02-06T14:59:11+03:00\">\n\t\t\t\t\t\t06.02.2025\t\t\t\t\t<\/time>\n\t\t\t\t<\/div>\n\t\t\t<\/div>\n\t\t\t\t\t\t\t<div class=\"carousel-slider__post-category\">\n\t\t\t\t\t<a class=\"carousel-slider__post-category-link\"\n\t\t\t\t\t   href=\"https:\/\/neoprint.fi\/en\/category\/blog\/\">\n\t\t\t\t\t\tBlog\t\t\t\t\t<\/a>\n\t\t\t\t<\/div>\n\t\t\t\t\t<\/footer>\n\t<\/div>\n<\/div>\n<\/div><div class=\"swiper-slide\"><div class=\"carousel-slider__post\">\n\t<div class=\"carousel-slider__post-content\">\n\t\t<div class=\"carousel-slider__post-header\">\n\t\t\t<a class=\"carousel-slider__post-image\" href=\"https:\/\/neoprint.fi\/en\/how-to-choose-the-perfect-business-cards-for-your-company-in-finland\/\" style=\"background-image: url(https:\/\/neoprint.fi\/wp-content\/uploads\/2020\/06\/business_cards-768x312.jpg)\"><\/a>\t\t\t<a class=\"carousel-slider__post-title\" href=\"https:\/\/neoprint.fi\/en\/how-to-choose-the-perfect-business-cards-for-your-company-in-finland\/\">\n\t\t\t\t<h2>How to Choose the Perfect Business Cards for Your Company in Finland<\/h2>\n\t\t\t<\/a>\n\t\t<\/div>\n\t\t<div class=\"carousel-slider__post-excerpt\">\n\t\t\tBusiness cards remain a vital tool for establishing business contacts even in the digital age. They help present your company, ...\t\t<\/div>\n\t\t<footer class=\"carousel-slider__post-meta\">\n\t\t\t<div class=\"carousel-slider__post-publication-meta\">\n\t\t\t\t<div class=\"carousel-slider__post-details-info\">\n\t\t\t\t\t<div class=\"carousel-slider__post-author\">\n\t\t\t\t\t\t<a class=\"carousel-slider__post-author-link\"\n\t\t\t\t\t\t   href=\"https:\/\/neoprint.fi\/en\/author\/neoprint\/\">\n\t\t\t\t\t\t\tNeoprint\t\t\t\t\t\t<\/a>\n\t\t\t\t\t<\/div>\n\t\t\t\t\t<time class=\"carousel-slider__post-publication-date\"\n\t\t\t\t\t\t  datetime=\"2025-01-28T10:24:44+03:00\">\n\t\t\t\t\t\t28.01.2025\t\t\t\t\t<\/time>\n\t\t\t\t<\/div>\n\t\t\t<\/div>\n\t\t\t\t\t\t\t<div class=\"carousel-slider__post-category\">\n\t\t\t\t\t<a class=\"carousel-slider__post-category-link\"\n\t\t\t\t\t   href=\"https:\/\/neoprint.fi\/en\/category\/blog\/\">\n\t\t\t\t\t\tBlog\t\t\t\t\t<\/a>\n\t\t\t\t<\/div>\n\t\t\t\t\t<\/footer>\n\t<\/div>\n<\/div>\n<\/div><\/div><!-- .carousel-slider-1471 -->\n<div class=\"swiper-button-prev\"><\/div><div class=\"swiper-button-next\"><\/div><\/div><!-- .carousel-slider-outer-1471 -->\n<\/div>\n\n\n\n<div style=\"height:30px\" aria-hidden=\"true\" class=\"wp-block-spacer\"><\/div>\n","protected":false},"excerpt":{"rendered":"<p>Digital Printing in Helsinki. Top quality at a cost-effective price.Fast and reliable. ABOUT US: We are a&nbsp;fast, reliable, and cost-effective&nbsp;partner [&hellip;]<\/p>\n","protected":false},"author":1,"featured_media":1704,"parent":0,"menu_order":0,"comment_status":"closed","ping_status":"closed","template":"","meta":{"_sitemap_exclude":false,"_sitemap_priority":"","_sitemap_frequency":"","site-sidebar-layout":"no-sidebar","site-content-layout":"","ast-site-content-layout":"","site-content-style":"default","site-sidebar-style":"default","ast-global-header-display":"","ast-banner-title-visibility":"","ast-main-header-display":"","ast-hfb-above-header-display":"","ast-hfb-below-header-display":"","ast-hfb-mobile-header-display":"","site-post-title":"","ast-breadcrumbs-content":"","ast-featured-img":"","footer-sml-layout":"","theme-transparent-header-meta":"","adv-header-id-meta":"","stick-header-meta":"","header-above-stick-meta":"","header-main-stick-meta":"","header-below-stick-meta":"","astra-migrate-meta-layouts":"default","ast-page-background-enabled":"default","ast-page-background-meta":{"desktop":{"background-color":"var(--ast-global-color-5)","background-image":"","background-repeat":"repeat","background-position":"center center","background-size":"auto","background-attachment":"scroll","background-type":"","background-media":"","overlay-type":"","overlay-color":"","overlay-opacity":"","overlay-gradient":""},"tablet":{"background-color":"","background-image":"","background-repeat":"repeat","background-position":"center center","background-size":"auto","background-attachment":"scroll","background-type":"","background-media":"","overlay-type":"","overlay-color":"","overlay-opacity":"","overlay-gradient":""},"mobile":{"background-color":"","background-image":"","background-repeat":"repeat","background-position":"center center","background-size":"auto","background-attachment":"scroll","background-type":"","background-media":"","overlay-type":"","overlay-color":"","overlay-opacity":"","overlay-gradient":""}},"ast-content-background-meta":{"desktop":{"background-color":"var(--ast-global-color-4)","background-image":"","background-repeat":"repeat","background-position":"center center","background-size":"auto","background-attachment":"scroll","background-type":"","background-media":"","overlay-type":"","overlay-color":"","overlay-opacity":"","overlay-gradient":""},"tablet":{"background-color":"var(--ast-global-color-4)","background-image":"","background-repeat":"repeat","background-position":"center center","background-size":"auto","background-attachment":"scroll","background-type":"","background-media":"","overlay-type":"","overlay-color":"","overlay-opacity":"","overlay-gradient":""},"mobile":{"background-color":"var(--ast-global-color-4)","background-image":"","background-repeat":"repeat","background-position":"center center","background-size":"auto","background-attachment":"scroll","background-type":"","background-media":"","overlay-type":"","overlay-color":"","overlay-opacity":"","overlay-gradient":""}},"footnotes":""},"class_list":["post-480","page","type-page","status-publish","has-post-thumbnail","hentry"],"_links":{"self":[{"href":"https:\/\/neoprint.fi\/en\/wp-json\/wp\/v2\/pages\/480","targetHints":{"allow":["GET"]}}],"collection":[{"href":"https:\/\/neoprint.fi\/en\/wp-json\/wp\/v2\/pages"}],"about":[{"href":"https:\/\/neoprint.fi\/en\/wp-json\/wp\/v2\/types\/page"}],"author":[{"embeddable":true,"href":"https:\/\/neoprint.fi\/en\/wp-json\/wp\/v2\/users\/1"}],"replies":[{"embeddable":true,"href":"https:\/\/neoprint.fi\/en\/wp-json\/wp\/v2\/comments?post=480"}],"version-history":[{"count":20,"href":"https:\/\/neoprint.fi\/en\/wp-json\/wp\/v2\/pages\/480\/revisions"}],"predecessor-version":[{"id":1857,"href":"https:\/\/neoprint.fi\/en\/wp-json\/wp\/v2\/pages\/480\/revisions\/1857"}],"wp:featuredmedia":[{"embeddable":true,"href":"https:\/\/neoprint.fi\/en\/wp-json\/wp\/v2\/media\/1704"}],"wp:attachment":[{"href":"https:\/\/neoprint.fi\/en\/wp-json\/wp\/v2\/media?parent=480"}],"curies":[{"name":"wp","href":"https:\/\/api.w.org\/{rel}","templated":true}]}}